{"id":848,"date":"2018-12-25T13:53:48","date_gmt":"2018-12-25T13:53:48","guid":{"rendered":"http:\/\/fragolino.cmsmasters.net\/?page_id=848"},"modified":"2022-04-29T10:23:52","modified_gmt":"2022-04-29T10:23:52","slug":"nous","status":"publish","type":"page","link":"https:\/\/oparquedosleitoes.pt\/fr\/nous\/","title":{"rendered":"\u00c1 propos de nous"},"content":{"rendered":"<div id=\"cmsmasters_row_ms3n22bu1d\" class=\"cmsmasters_row cmsmasters_color_scheme_default cmsmasters_row_top_default cmsmasters_row_bot_default cmsmasters_row_boxed\">\n<div class=\"cmsmasters_row_outer_parent\">\n<div class=\"cmsmasters_row_outer\">\n<div class=\"cmsmasters_row_inner\">\n<div class=\"cmsmasters_row_margin\">\n<div id=\"cmsmasters_column_awl6h90c38\" class=\"cmsmasters_column one_half\">\n<div class=\"cmsmasters_column_inner\"><div class=\"cmsmasters_img  cmsmasters_image_n\"><img decoding=\"async\" src=\"https:\/\/oparquedosleitoes.pt\/fr\/wp-content\/uploads\/2021\/09\/galeria-2.jpg\" \/><\/div>\n<\/div><\/div>\n<div id=\"cmsmasters_column_c5yvpf1e48\" class=\"cmsmasters_column one_half\">\n<div class=\"cmsmasters_column_inner\"><div id=\"cmsmasters_heading_3wf0i8fc4e\" class=\"cmsmasters_heading_wrap cmsmasters_heading_align_center\">\n\t<h2 class=\"cmsmasters_heading\">Parque dos leit\u00f5es<\/h2>\n<\/div><div id=\"cmsmasters_heading_csghwkwhqn\" class=\"cmsmasters_heading_wrap cmsmasters_heading_align_center\">\n\t<h4 class=\"cmsmasters_heading\">Nous recevons des clients du nord au sud du pays dans nos restaurants de la ville d&#8217;\u00c9vora et de Vila de Arraiolos. Nous suivons toujours le concept de cuisine traditionnelle et avons une \u00e9quipe d\u00e9di\u00e9e pour garantir la satisfaction de nos clients.<\/h4>\n<\/div>\n<\/div><\/div>\n<\/div>\n<\/div>\n<\/div>\n<\/div>\n<\/div>\n<div id=\"cmsmasters_row_4qhby0vow6\" class=\"cmsmasters_row cmsmasters_color_scheme_default cmsmasters_row_top_default cmsmasters_row_bot_default cmsmasters_row_boxed\">\n<div class=\"cmsmasters_row_outer_parent\">\n<div class=\"cmsmasters_row_outer\">\n<div class=\"cmsmasters_row_inner\">\n<div class=\"cmsmasters_row_margin\">\n<div id=\"cmsmasters_column_n2adhec2q\" class=\"cmsmasters_column one_first\">\n<div class=\"cmsmasters_column_inner\"><div id=\"cmsmasters_gallery_zpyvcl7sao\" class=\"cmsmasters_gallery_wrap\" data-type=\"grid\" data-count=\"3\"><ul class=\"cmsmasters_gallery cmsmasters_3 cmsmasters_more_items_loader\"><li class=\"cmsmasters_gallery_item\"><figure><a href=\"https:\/\/oparquedosleitoes.pt\/fr\/wp-content\/uploads\/2021\/09\/galeria-1.jpg\" rel=\"ilightbox[zpyvcl7sao]\"><img loading=\"lazy\" decoding=\"async\" width=\"580\" height=\"447\" src=\"https:\/\/oparquedosleitoes.pt\/fr\/wp-content\/uploads\/2021\/09\/galeria-1-580x447.jpg\" class=\"attachment-cmsmasters-blog-masonry-thumb size-cmsmasters-blog-masonry-thumb\" alt=\"\" \/><\/a><\/figure><\/li><li class=\"cmsmasters_gallery_item\"><figure><a href=\"https:\/\/oparquedosleitoes.pt\/fr\/wp-content\/uploads\/2021\/09\/galeria-2.jpg\" rel=\"ilightbox[zpyvcl7sao]\"><img loading=\"lazy\" decoding=\"async\" width=\"580\" height=\"447\" src=\"https:\/\/oparquedosleitoes.pt\/fr\/wp-content\/uploads\/2021\/09\/galeria-2-580x447.jpg\" class=\"attachment-cmsmasters-blog-masonry-thumb size-cmsmasters-blog-masonry-thumb\" alt=\"\" \/><\/a><\/figure><\/li><li class=\"cmsmasters_gallery_item\"><figure><a href=\"https:\/\/oparquedosleitoes.pt\/fr\/wp-content\/uploads\/2021\/09\/espaco-1.jpg\" rel=\"ilightbox[zpyvcl7sao]\"><img loading=\"lazy\" decoding=\"async\" width=\"580\" height=\"447\" src=\"https:\/\/oparquedosleitoes.pt\/fr\/wp-content\/uploads\/2021\/09\/espaco-1-580x447.jpg\" class=\"attachment-cmsmasters-blog-masonry-thumb size-cmsmasters-blog-masonry-thumb\" alt=\"\" \/><\/a><\/figure><\/li><\/ul><\/div>\n<\/div><\/div>\n<\/div>\n<\/div>\n<\/div>\n<\/div>\n<\/div>\n<div id=\"cmsmasters_row_n642w16sh\" class=\"cmsmasters_row cmsmasters_color_scheme_default cmsmasters_row_top_default cmsmasters_row_bot_default cmsmasters_row_boxed\">\n<div class=\"cmsmasters_row_outer_parent\">\n<div class=\"cmsmasters_row_outer\">\n<div class=\"cmsmasters_row_inner\">\n<div class=\"cmsmasters_row_margin\">\n<div id=\"cmsmasters_column_8uz5jp55u3\" class=\"cmsmasters_column one_half\">\n<div class=\"cmsmasters_column_inner\"><div class=\"cmsmasters_toggles toggles_mode_accordion\">\n<div class=\"cmsmasters_toggle_wrap current_toggle\" data-tags=\"all \">\n<div class=\"cmsmasters_toggle_title\">\n<span class=\"cmsmasters_toggle_plus\"><\/span>\n<a href=\"#\">Restaurantes - A nossa cozinha<\/a>\n<\/div>\n<div class=\"cmsmasters_toggle\">\n<div class=\"cmsmasters_toggle_inner\">\n<p style=\"text-align: center;\">Le cochon de lait r\u00f4ti au four \u00e0 bois est notre principale sp\u00e9cialit\u00e9, cependant nous diversifions nos confections en gardant le concept de cuisine traditionnelle.<\/p>\n<\/div>\n<\/div>\n<\/div><div class=\"cmsmasters_toggle_wrap\" data-tags=\"all \">\n<div class=\"cmsmasters_toggle_title\">\n<span class=\"cmsmasters_toggle_plus\"><\/span>\n<a href=\"#\">Parque de Autocaravanas<\/a>\n<\/div>\n<div class=\"cmsmasters_toggle\">\n<div class=\"cmsmasters_toggle_inner\">\n<p style=\"text-align: center;\">Au restaurant situ\u00e9 \u00e0 7 km de Vila de Arraiolos, la direction a investi dans l&#8217;octroi de licences d&#8217;espace ext\u00e9rieur pour un parc de camping-cars d&#8217;environ 3000m2, permettant l&#8217;approvisionnement en eau potable, l&#8217;\u00e9clairage, l&#8217;\u00e9vacuation des eaux pollu\u00e9es et la possibilit\u00e9 de passer la nuit. Cet investissement constituait une valeur ajout\u00e9e pour le village qui ne disposait d&#8217;aucun espace d\u00e9di\u00e9 \u00e0 cet effet.<\/p>\n<\/div>\n<\/div>\n<\/div><div class=\"cmsmasters_toggle_wrap\" data-tags=\"all \">\n<div class=\"cmsmasters_toggle_title\">\n<span class=\"cmsmasters_toggle_plus\"><\/span>\n<a href=\"#\">Turismo Rural<\/a>\n<\/div>\n<div class=\"cmsmasters_toggle\">\n<div class=\"cmsmasters_toggle_inner\">\n<p style=\"text-align: center;\">Les plans \u00e0 mettre en \u0153uvre comprennent la construction d&#8217;une structure pour le tourisme, dans un concept de tourisme rural, \u00e9galement sur le m\u00eame terrain que le restaurant \u00e0 Vila de Arraiolos. Ce projet devrait d\u00e9marrer prochainement et repr\u00e9sentera un investissement majeur dans l&#8217;histoire de l&#8217;entreprise.<\/p>\n<\/div>\n<\/div>\n<\/div><\/div>\n<\/div><\/div>\n<div id=\"cmsmasters_column_5po8asu6wo\" class=\"cmsmasters_column one_half\">\n<div class=\"cmsmasters_column_inner\"><div class=\"cmsmasters_img  cmsmasters_image_n\"><img decoding=\"async\" src=\"https:\/\/oparquedosleitoes.pt\/fr\/wp-content\/uploads\/2021\/09\/espaco-2.jpg\" \/><\/div>\n<\/div><\/div>\n<\/div>\n<\/div>\n<\/div>\n<\/div>\n<\/div>\n<div id=\"cmsmasters_row_kwsb2736u\" class=\"cmsmasters_row cmsmasters_color_scheme_default cmsmasters_row_top_default cmsmasters_row_bot_default cmsmasters_row_boxed\">\n<div class=\"cmsmasters_row_outer_parent\">\n<div class=\"cmsmasters_row_outer\">\n<div class=\"cmsmasters_row_inner\">\n<div class=\"cmsmasters_row_margin\">\n<div id=\"cmsmasters_column_i6t0rkznl8\" class=\"cmsmasters_column one_half\">\n<div class=\"cmsmasters_column_inner\"><div class=\"cmsmasters_img  cmsmasters_image_n\"><img decoding=\"async\" src=\"https:\/\/oparquedosleitoes.pt\/fr\/wp-content\/uploads\/2021\/09\/experiencia.jpg\" \/><\/div>\n<\/div><\/div>\n<div id=\"cmsmasters_column_3m01mos3ck\" class=\"cmsmasters_column one_half\">\n<div class=\"cmsmasters_column_inner\"><div id=\"cmsmasters_heading_5mxfr2we7g\" class=\"cmsmasters_heading_wrap cmsmasters_heading_align_center\">\n\t<h2 class=\"cmsmasters_heading\">Commandes \/ A emporter<\/h2>\n<\/div><div id=\"cmsmasters_heading_yz0dxjd6cf\" class=\"cmsmasters_heading_wrap cmsmasters_heading_align_center\">\n\t<h4 class=\"cmsmasters_heading\">Ici, vous pourrez d\u00e9guster le meilleur cochon de lait r\u00f4ti et d&#8217;autres sp\u00e9cialit\u00e9s r\u00e9gionales<\/h4>\n<\/div><div id=\"cmsmasters_button_060njys6oq\" class=\"button_wrap\"><a href=\"https:\/\/oparquedosleitoes.pt\/fr\/contacts\/\" class=\"cmsmasters_button\"><span>Passer la commande<\/span><\/a><\/div>\n<\/div><\/div>\n<\/div>\n<\/div>\n<\/div>\n<\/div>\n<\/div>\n\n","protected":false},"excerpt":{"rendered":"","protected":false},"author":1,"featured_media":0,"parent":0,"menu_order":0,"comment_status":"closed","ping_status":"closed","template":"","meta":{"footnotes":""},"class_list":["post-848","page","type-page","status-publish","hentry"],"yoast_head":"<!-- This site is optimized with the Yoast SEO plugin v18.2 - https:\/\/yoast.com\/wordpress\/plugins\/seo\/ -->\n<title>\u00c1 propos de nous - O Parque dos Leit\u00f5es<\/title>\n<meta name=\"description\" content=\"Parque dos Leit\u00f5es a sa principale reconnaissance dans le cochon de lait r\u00f4ti dans un four \u00e0 bois. Il vise la qualit\u00e9 dans la pr\u00e9paration de ses plats. Venez nous rencontrer.\" \/>\n<meta name=\"robots\" content=\"index, follow, max-snippet:-1, max-image-preview:large, max-video-preview:-1\" \/>\n<link rel=\"canonical\" href=\"https:\/\/oparquedosleitoes.pt\/fr\/nous\/\" \/>\n<meta property=\"og:locale\" content=\"pt_PT\" \/>\n<meta property=\"og:type\" content=\"article\" \/>\n<meta property=\"og:title\" content=\"\u00c1 propos de nous - O Parque dos Leit\u00f5es\" \/>\n<meta property=\"og:description\" content=\"Parque dos Leit\u00f5es a sa principale reconnaissance dans le cochon de lait r\u00f4ti dans un four \u00e0 bois. Il vise la qualit\u00e9 dans la pr\u00e9paration de ses plats. Venez nous rencontrer.\" \/>\n<meta property=\"og:url\" content=\"https:\/\/oparquedosleitoes.pt\/fr\/nous\/\" \/>\n<meta property=\"og:site_name\" content=\"O Parque dos Leit\u00f5es\" \/>\n<meta property=\"article:modified_time\" content=\"2022-04-29T10:23:52+00:00\" \/>\n<meta name=\"twitter:card\" content=\"summary_large_image\" \/>\n<meta name=\"twitter:label1\" content=\"Tempo estimado de leitura\" \/>\n\t<meta name=\"twitter:data1\" content=\"2 minutos\" \/>\n<script type=\"application\/ld+json\" class=\"yoast-schema-graph\">{\"@context\":\"https:\/\/schema.org\",\"@graph\":[{\"@type\":\"WebSite\",\"@id\":\"https:\/\/oparquedosleitoes.pt\/fr\/#website\",\"url\":\"https:\/\/oparquedosleitoes.pt\/fr\/\",\"name\":\"O Parque dos Leit\u00f5es\",\"description\":\"Restaurante Arraiolos e \u00c9vora\",\"potentialAction\":[{\"@type\":\"SearchAction\",\"target\":{\"@type\":\"EntryPoint\",\"urlTemplate\":\"https:\/\/oparquedosleitoes.pt\/fr\/?s={search_term_string}\"},\"query-input\":\"required name=search_term_string\"}],\"inLanguage\":\"pt-PT\"},{\"@type\":\"WebPage\",\"@id\":\"https:\/\/oparquedosleitoes.pt\/fr\/nous\/#webpage\",\"url\":\"https:\/\/oparquedosleitoes.pt\/fr\/nous\/\",\"name\":\"\u00c1 propos de nous - O Parque dos Leit\u00f5es\",\"isPartOf\":{\"@id\":\"https:\/\/oparquedosleitoes.pt\/fr\/#website\"},\"datePublished\":\"2018-12-25T13:53:48+00:00\",\"dateModified\":\"2022-04-29T10:23:52+00:00\",\"description\":\"Parque dos Leit\u00f5es a sa principale reconnaissance dans le cochon de lait r\u00f4ti dans un four \u00e0 bois. Il vise la qualit\u00e9 dans la pr\u00e9paration de ses plats. Venez nous rencontrer.\",\"breadcrumb\":{\"@id\":\"https:\/\/oparquedosleitoes.pt\/fr\/nous\/#breadcrumb\"},\"inLanguage\":\"pt-PT\",\"potentialAction\":[{\"@type\":\"ReadAction\",\"target\":[\"https:\/\/oparquedosleitoes.pt\/fr\/nous\/\"]}]},{\"@type\":\"BreadcrumbList\",\"@id\":\"https:\/\/oparquedosleitoes.pt\/fr\/nous\/#breadcrumb\",\"itemListElement\":[{\"@type\":\"ListItem\",\"position\":1,\"name\":\"Home\",\"item\":\"https:\/\/oparquedosleitoes.pt\/fr\/\"},{\"@type\":\"ListItem\",\"position\":2,\"name\":\"\u00c1 propos de nous\"}]}]}<\/script>\n<!-- \/ Yoast SEO plugin. -->","yoast_head_json":{"title":"\u00c1 propos de nous - O Parque dos Leit\u00f5es","description":"Parque dos Leit\u00f5es a sa principale reconnaissance dans le cochon de lait r\u00f4ti dans un four \u00e0 bois. Il vise la qualit\u00e9 dans la pr\u00e9paration de ses plats. Venez nous rencontrer.","robots":{"index":"index","follow":"follow","max-snippet":"max-snippet:-1","max-image-preview":"max-image-preview:large","max-video-preview":"max-video-preview:-1"},"canonical":"https:\/\/oparquedosleitoes.pt\/fr\/nous\/","og_locale":"pt_PT","og_type":"article","og_title":"\u00c1 propos de nous - O Parque dos Leit\u00f5es","og_description":"Parque dos Leit\u00f5es a sa principale reconnaissance dans le cochon de lait r\u00f4ti dans un four \u00e0 bois. Il vise la qualit\u00e9 dans la pr\u00e9paration de ses plats. Venez nous rencontrer.","og_url":"https:\/\/oparquedosleitoes.pt\/fr\/nous\/","og_site_name":"O Parque dos Leit\u00f5es","article_modified_time":"2022-04-29T10:23:52+00:00","twitter_card":"summary_large_image","twitter_misc":{"Tempo estimado de leitura":"2 minutos"},"schema":{"@context":"https:\/\/schema.org","@graph":[{"@type":"WebSite","@id":"https:\/\/oparquedosleitoes.pt\/fr\/#website","url":"https:\/\/oparquedosleitoes.pt\/fr\/","name":"O Parque dos Leit\u00f5es","description":"Restaurante Arraiolos e \u00c9vora","potentialAction":[{"@type":"SearchAction","target":{"@type":"EntryPoint","urlTemplate":"https:\/\/oparquedosleitoes.pt\/fr\/?s={search_term_string}"},"query-input":"required name=search_term_string"}],"inLanguage":"pt-PT"},{"@type":"WebPage","@id":"https:\/\/oparquedosleitoes.pt\/fr\/nous\/#webpage","url":"https:\/\/oparquedosleitoes.pt\/fr\/nous\/","name":"\u00c1 propos de nous - O Parque dos Leit\u00f5es","isPartOf":{"@id":"https:\/\/oparquedosleitoes.pt\/fr\/#website"},"datePublished":"2018-12-25T13:53:48+00:00","dateModified":"2022-04-29T10:23:52+00:00","description":"Parque dos Leit\u00f5es a sa principale reconnaissance dans le cochon de lait r\u00f4ti dans un four \u00e0 bois. Il vise la qualit\u00e9 dans la pr\u00e9paration de ses plats. Venez nous rencontrer.","breadcrumb":{"@id":"https:\/\/oparquedosleitoes.pt\/fr\/nous\/#breadcrumb"},"inLanguage":"pt-PT","potentialAction":[{"@type":"ReadAction","target":["https:\/\/oparquedosleitoes.pt\/fr\/nous\/"]}]},{"@type":"BreadcrumbList","@id":"https:\/\/oparquedosleitoes.pt\/fr\/nous\/#breadcrumb","itemListElement":[{"@type":"ListItem","position":1,"name":"Home","item":"https:\/\/oparquedosleitoes.pt\/fr\/"},{"@type":"ListItem","position":2,"name":"\u00c1 propos de nous"}]}]}},"_links":{"self":[{"href":"https:\/\/oparquedosleitoes.pt\/fr\/wp-json\/wp\/v2\/pages\/848","targetHints":{"allow":["GET"]}}],"collection":[{"href":"https:\/\/oparquedosleitoes.pt\/fr\/wp-json\/wp\/v2\/pages"}],"about":[{"href":"https:\/\/oparquedosleitoes.pt\/fr\/wp-json\/wp\/v2\/types\/page"}],"author":[{"embeddable":true,"href":"https:\/\/oparquedosleitoes.pt\/fr\/wp-json\/wp\/v2\/users\/1"}],"replies":[{"embeddable":true,"href":"https:\/\/oparquedosleitoes.pt\/fr\/wp-json\/wp\/v2\/comments?post=848"}],"version-history":[{"count":13,"href":"https:\/\/oparquedosleitoes.pt\/fr\/wp-json\/wp\/v2\/pages\/848\/revisions"}],"predecessor-version":[{"id":1788,"href":"https:\/\/oparquedosleitoes.pt\/fr\/wp-json\/wp\/v2\/pages\/848\/revisions\/1788"}],"wp:attachment":[{"href":"https:\/\/oparquedosleitoes.pt\/fr\/wp-json\/wp\/v2\/media?parent=848"}],"curies":[{"name":"wp","href":"https:\/\/api.w.org\/{rel}","templated":true}]}}