{"id":848,"date":"2018-12-25T13:53:48","date_gmt":"2018-12-25T13:53:48","guid":{"rendered":"http:\/\/fragolino.cmsmasters.net\/?page_id=848"},"modified":"2022-04-29T13:31:31","modified_gmt":"2022-04-29T13:31:31","slug":"uber-uns","status":"publish","type":"page","link":"https:\/\/oparquedosleitoes.pt\/de\/uber-uns\/","title":{"rendered":"\u00dcber uns"},"content":{"rendered":"<div id=\"cmsmasters_row_ms3n22bu1d\" class=\"cmsmasters_row cmsmasters_color_scheme_default cmsmasters_row_top_default cmsmasters_row_bot_default cmsmasters_row_boxed\">\n<div class=\"cmsmasters_row_outer_parent\">\n<div class=\"cmsmasters_row_outer\">\n<div class=\"cmsmasters_row_inner\">\n<div class=\"cmsmasters_row_margin\">\n<div id=\"cmsmasters_column_awl6h90c38\" class=\"cmsmasters_column one_half\">\n<div class=\"cmsmasters_column_inner\"><div class=\"cmsmasters_img  cmsmasters_image_n\"><img decoding=\"async\" src=\"https:\/\/oparquedosleitoes.pt\/de\/wp-content\/uploads\/2021\/09\/galeria-2.jpg\" \/><\/div>\n<\/div><\/div>\n<div id=\"cmsmasters_column_c5yvpf1e48\" class=\"cmsmasters_column one_half\">\n<div class=\"cmsmasters_column_inner\"><div id=\"cmsmasters_heading_3wf0i8fc4e\" class=\"cmsmasters_heading_wrap cmsmasters_heading_align_center\">\n\t<h2 class=\"cmsmasters_heading\">O parque dos lei\u00f5es<\/h2>\n<\/div><div id=\"cmsmasters_heading_csghwkwhqn\" class=\"cmsmasters_heading_wrap cmsmasters_heading_align_center\">\n\t<h4 class=\"cmsmasters_heading\">In unseren Restaurants in der Stadt \u00c9vora und in Vila de Arraiolos empfangen wir Kunden aus dem Norden bis S\u00fcden des Landes. Wir folgen immer dem Konzept der traditionellen K\u00fcche und haben ein engagiertes Team, um die Zufriedenheit unserer Kunden zu garantieren.<\/h4>\n<\/div>\n<\/div><\/div>\n<\/div>\n<\/div>\n<\/div>\n<\/div>\n<\/div>\n<div id=\"cmsmasters_row_4qhby0vow6\" class=\"cmsmasters_row cmsmasters_color_scheme_default cmsmasters_row_top_default cmsmasters_row_bot_default cmsmasters_row_boxed\">\n<div class=\"cmsmasters_row_outer_parent\">\n<div class=\"cmsmasters_row_outer\">\n<div class=\"cmsmasters_row_inner\">\n<div class=\"cmsmasters_row_margin\">\n<div id=\"cmsmasters_column_n2adhec2q\" class=\"cmsmasters_column one_first\">\n<div class=\"cmsmasters_column_inner\"><div id=\"cmsmasters_gallery_zpyvcl7sao\" class=\"cmsmasters_gallery_wrap\" data-type=\"grid\" data-count=\"3\"><ul class=\"cmsmasters_gallery cmsmasters_3 cmsmasters_more_items_loader\"><li class=\"cmsmasters_gallery_item\"><figure><a href=\"https:\/\/oparquedosleitoes.pt\/de\/wp-content\/uploads\/2021\/09\/galeria-1.jpg\" rel=\"ilightbox[zpyvcl7sao]\"><img loading=\"lazy\" decoding=\"async\" width=\"580\" height=\"447\" src=\"https:\/\/oparquedosleitoes.pt\/de\/wp-content\/uploads\/2021\/09\/galeria-1-580x447.jpg\" class=\"attachment-cmsmasters-blog-masonry-thumb size-cmsmasters-blog-masonry-thumb\" alt=\"\" \/><\/a><\/figure><\/li><li class=\"cmsmasters_gallery_item\"><figure><a href=\"https:\/\/oparquedosleitoes.pt\/de\/wp-content\/uploads\/2021\/09\/galeria-2.jpg\" rel=\"ilightbox[zpyvcl7sao]\"><img loading=\"lazy\" decoding=\"async\" width=\"580\" height=\"447\" src=\"https:\/\/oparquedosleitoes.pt\/de\/wp-content\/uploads\/2021\/09\/galeria-2-580x447.jpg\" class=\"attachment-cmsmasters-blog-masonry-thumb size-cmsmasters-blog-masonry-thumb\" alt=\"\" \/><\/a><\/figure><\/li><li class=\"cmsmasters_gallery_item\"><figure><a href=\"https:\/\/oparquedosleitoes.pt\/de\/wp-content\/uploads\/2021\/09\/espaco-1.jpg\" rel=\"ilightbox[zpyvcl7sao]\"><img loading=\"lazy\" decoding=\"async\" width=\"580\" height=\"447\" src=\"https:\/\/oparquedosleitoes.pt\/de\/wp-content\/uploads\/2021\/09\/espaco-1-580x447.jpg\" class=\"attachment-cmsmasters-blog-masonry-thumb size-cmsmasters-blog-masonry-thumb\" alt=\"\" \/><\/a><\/figure><\/li><\/ul><\/div>\n<\/div><\/div>\n<\/div>\n<\/div>\n<\/div>\n<\/div>\n<\/div>\n<div id=\"cmsmasters_row_n642w16sh\" class=\"cmsmasters_row cmsmasters_color_scheme_default cmsmasters_row_top_default cmsmasters_row_bot_default cmsmasters_row_boxed\">\n<div class=\"cmsmasters_row_outer_parent\">\n<div class=\"cmsmasters_row_outer\">\n<div class=\"cmsmasters_row_inner\">\n<div class=\"cmsmasters_row_margin\">\n<div id=\"cmsmasters_column_8uz5jp55u3\" class=\"cmsmasters_column one_half\">\n<div class=\"cmsmasters_column_inner\"><div class=\"cmsmasters_toggles toggles_mode_accordion\">\n<div class=\"cmsmasters_toggle_wrap current_toggle\" data-tags=\"all \">\n<div class=\"cmsmasters_toggle_title\">\n<span class=\"cmsmasters_toggle_plus\"><\/span>\n<a href=\"#\">Restaurants - Unsere K\u00fcche<\/a>\n<\/div>\n<div class=\"cmsmasters_toggle\">\n<div class=\"cmsmasters_toggle_inner\">\n<p style=\"text-align: center;\">Das im Holzofen gebratene Spanferkel ist unsere Hauptspezialit\u00e4t, aber wir diversifizieren unsere Konditoreiwaren, wobei wir das Konzept der traditionellen K\u00fcche beibehalten.<\/p>\n<\/div>\n<\/div>\n<\/div><div class=\"cmsmasters_toggle_wrap\" data-tags=\"all \">\n<div class=\"cmsmasters_toggle_title\">\n<span class=\"cmsmasters_toggle_plus\"><\/span>\n<a href=\"#\">Wohnmobilpark<\/a>\n<\/div>\n<div class=\"cmsmasters_toggle\">\n<div class=\"cmsmasters_toggle_inner\">\n<p style=\"text-align: center;\">Im Restaurant, das 7 km von Vila de Arraiolos entfernt liegt, investierte das Management in die Lizenzierung von Au\u00dfenfl\u00e4chen f\u00fcr einen Wohnmobilpark von etwa 3000 m2, die die Versorgung mit Trinkwasser, Beleuchtung, Ableitung von verschmutztem Wasser und die M\u00f6glichkeit zum \u00dcbernachten erm\u00f6glichen. Diese Investition stellte einen Mehrwert f\u00fcr das Dorf dar, das \u00fcber keinen eigenen Raum f\u00fcr diesen Zweck verf\u00fcgte.<\/p>\n<\/div>\n<\/div>\n<\/div><div class=\"cmsmasters_toggle_wrap\" data-tags=\"all \">\n<div class=\"cmsmasters_toggle_title\">\n<span class=\"cmsmasters_toggle_plus\"><\/span>\n<a href=\"#\"> Landtourismus<\/a>\n<\/div>\n<div class=\"cmsmasters_toggle\">\n<div class=\"cmsmasters_toggle_inner\">\n<p style=\"text-align: center;\">Die Pl\u00e4ne, die umgesetzt werden sollen, umfassen den Bau einer Struktur f\u00fcr den Tourismus in einem l\u00e4ndlichen Tourismuskonzept, ebenfalls auf demselben Grundst\u00fcck wie das Restaurant in Vila de Arraiolos. Dieses Projekt soll in naher Zukunft starten und eine bedeutende Investition in der Firmengeschichte darstellen.<\/p>\n<\/div>\n<\/div>\n<\/div><\/div>\n<\/div><\/div>\n<div id=\"cmsmasters_column_5po8asu6wo\" class=\"cmsmasters_column one_half\">\n<div class=\"cmsmasters_column_inner\"><div class=\"cmsmasters_img  cmsmasters_image_n\"><img decoding=\"async\" src=\"https:\/\/oparquedosleitoes.pt\/de\/wp-content\/uploads\/2021\/09\/espaco-2.jpg\" \/><\/div>\n<\/div><\/div>\n<\/div>\n<\/div>\n<\/div>\n<\/div>\n<\/div>\n<div id=\"cmsmasters_row_kwsb2736u\" class=\"cmsmasters_row cmsmasters_color_scheme_default cmsmasters_row_top_default cmsmasters_row_bot_default cmsmasters_row_boxed\">\n<div class=\"cmsmasters_row_outer_parent\">\n<div class=\"cmsmasters_row_outer\">\n<div class=\"cmsmasters_row_inner\">\n<div class=\"cmsmasters_row_margin\">\n<div id=\"cmsmasters_column_i6t0rkznl8\" class=\"cmsmasters_column one_half\">\n<div class=\"cmsmasters_column_inner\"><div class=\"cmsmasters_img  cmsmasters_image_n\"><img decoding=\"async\" src=\"https:\/\/oparquedosleitoes.pt\/de\/wp-content\/uploads\/2021\/09\/experiencia.jpg\" \/><\/div>\n<\/div><\/div>\n<div id=\"cmsmasters_column_3m01mos3ck\" class=\"cmsmasters_column one_half\">\n<div class=\"cmsmasters_column_inner\"><div id=\"cmsmasters_heading_5mxfr2we7g\" class=\"cmsmasters_heading_wrap cmsmasters_heading_align_center\">\n\t<h2 class=\"cmsmasters_heading\">Bestellungen \/ Mitnehmen<\/h2>\n<\/div><div id=\"cmsmasters_heading_yz0dxjd6cf\" class=\"cmsmasters_heading_wrap cmsmasters_heading_align_center\">\n\t<h4 class=\"cmsmasters_heading\">Hier k\u00f6nnen Sie den besten Spanferkelbraten und andere regionale K\u00f6stlichkeiten probieren<\/h4>\n<\/div><div id=\"cmsmasters_button_060njys6oq\" class=\"button_wrap\"><a href=\"https:\/\/oparquedosleitoes.pt\/de\/kontakte\/\" class=\"cmsmasters_button\"><span>Bestellung aufgeben<\/span><\/a><\/div>\n<\/div><\/div>\n<\/div>\n<\/div>\n<\/div>\n<\/div>\n<\/div>\n\n","protected":false},"excerpt":{"rendered":"","protected":false},"author":1,"featured_media":0,"parent":0,"menu_order":0,"comment_status":"closed","ping_status":"closed","template":"","meta":{"footnotes":""},"class_list":["post-848","page","type-page","status-publish","hentry"],"yoast_head":"<!-- This site is optimized with the Yoast SEO plugin v18.2 - https:\/\/yoast.com\/wordpress\/plugins\/seo\/ -->\n<title>\u00dcber uns - O Parque dos Leit\u00f5es<\/title>\n<meta name=\"description\" content=\"Der Parque dos Leit\u00f5es ist vor allem f\u00fcr das im Holzofen gebratene Spanferkel bekannt. Es strebt nach Qualit\u00e4t bei der Zubereitung seiner Gerichte. Kommen Sie und treffen Sie uns.\" \/>\n<meta name=\"robots\" content=\"index, follow, max-snippet:-1, max-image-preview:large, max-video-preview:-1\" \/>\n<link rel=\"canonical\" href=\"https:\/\/oparquedosleitoes.pt\/de\/uber-uns\/\" \/>\n<meta property=\"og:locale\" content=\"pt_PT\" \/>\n<meta property=\"og:type\" content=\"article\" \/>\n<meta property=\"og:title\" content=\"\u00dcber uns - O Parque dos Leit\u00f5es\" \/>\n<meta property=\"og:description\" content=\"Der Parque dos Leit\u00f5es ist vor allem f\u00fcr das im Holzofen gebratene Spanferkel bekannt. Es strebt nach Qualit\u00e4t bei der Zubereitung seiner Gerichte. Kommen Sie und treffen Sie uns.\" \/>\n<meta property=\"og:url\" content=\"https:\/\/oparquedosleitoes.pt\/de\/uber-uns\/\" \/>\n<meta property=\"og:site_name\" content=\"O Parque dos Leit\u00f5es\" \/>\n<meta property=\"article:modified_time\" content=\"2022-04-29T13:31:31+00:00\" \/>\n<meta name=\"twitter:card\" content=\"summary_large_image\" \/>\n<meta name=\"twitter:label1\" content=\"Tempo estimado de leitura\" \/>\n\t<meta name=\"twitter:data1\" content=\"2 minutos\" \/>\n<script type=\"application\/ld+json\" class=\"yoast-schema-graph\">{\"@context\":\"https:\/\/schema.org\",\"@graph\":[{\"@type\":\"WebSite\",\"@id\":\"https:\/\/oparquedosleitoes.pt\/de\/#website\",\"url\":\"https:\/\/oparquedosleitoes.pt\/de\/\",\"name\":\"O Parque dos Leit\u00f5es\",\"description\":\"Restaurante Arraiolos e \u00c9vora\",\"potentialAction\":[{\"@type\":\"SearchAction\",\"target\":{\"@type\":\"EntryPoint\",\"urlTemplate\":\"https:\/\/oparquedosleitoes.pt\/de\/?s={search_term_string}\"},\"query-input\":\"required name=search_term_string\"}],\"inLanguage\":\"pt-PT\"},{\"@type\":\"WebPage\",\"@id\":\"https:\/\/oparquedosleitoes.pt\/de\/uber-uns\/#webpage\",\"url\":\"https:\/\/oparquedosleitoes.pt\/de\/uber-uns\/\",\"name\":\"\u00dcber uns - O Parque dos Leit\u00f5es\",\"isPartOf\":{\"@id\":\"https:\/\/oparquedosleitoes.pt\/de\/#website\"},\"datePublished\":\"2018-12-25T13:53:48+00:00\",\"dateModified\":\"2022-04-29T13:31:31+00:00\",\"description\":\"Der Parque dos Leit\u00f5es ist vor allem f\u00fcr das im Holzofen gebratene Spanferkel bekannt. Es strebt nach Qualit\u00e4t bei der Zubereitung seiner Gerichte. Kommen Sie und treffen Sie uns.\",\"breadcrumb\":{\"@id\":\"https:\/\/oparquedosleitoes.pt\/de\/uber-uns\/#breadcrumb\"},\"inLanguage\":\"pt-PT\",\"potentialAction\":[{\"@type\":\"ReadAction\",\"target\":[\"https:\/\/oparquedosleitoes.pt\/de\/uber-uns\/\"]}]},{\"@type\":\"BreadcrumbList\",\"@id\":\"https:\/\/oparquedosleitoes.pt\/de\/uber-uns\/#breadcrumb\",\"itemListElement\":[{\"@type\":\"ListItem\",\"position\":1,\"name\":\"Home\",\"item\":\"https:\/\/oparquedosleitoes.pt\/de\/\"},{\"@type\":\"ListItem\",\"position\":2,\"name\":\"\u00dcber uns\"}]}]}<\/script>\n<!-- \/ Yoast SEO plugin. -->","yoast_head_json":{"title":"\u00dcber uns - O Parque dos Leit\u00f5es","description":"Der Parque dos Leit\u00f5es ist vor allem f\u00fcr das im Holzofen gebratene Spanferkel bekannt. Es strebt nach Qualit\u00e4t bei der Zubereitung seiner Gerichte. Kommen Sie und treffen Sie uns.","robots":{"index":"index","follow":"follow","max-snippet":"max-snippet:-1","max-image-preview":"max-image-preview:large","max-video-preview":"max-video-preview:-1"},"canonical":"https:\/\/oparquedosleitoes.pt\/de\/uber-uns\/","og_locale":"pt_PT","og_type":"article","og_title":"\u00dcber uns - O Parque dos Leit\u00f5es","og_description":"Der Parque dos Leit\u00f5es ist vor allem f\u00fcr das im Holzofen gebratene Spanferkel bekannt. Es strebt nach Qualit\u00e4t bei der Zubereitung seiner Gerichte. Kommen Sie und treffen Sie uns.","og_url":"https:\/\/oparquedosleitoes.pt\/de\/uber-uns\/","og_site_name":"O Parque dos Leit\u00f5es","article_modified_time":"2022-04-29T13:31:31+00:00","twitter_card":"summary_large_image","twitter_misc":{"Tempo estimado de leitura":"2 minutos"},"schema":{"@context":"https:\/\/schema.org","@graph":[{"@type":"WebSite","@id":"https:\/\/oparquedosleitoes.pt\/de\/#website","url":"https:\/\/oparquedosleitoes.pt\/de\/","name":"O Parque dos Leit\u00f5es","description":"Restaurante Arraiolos e \u00c9vora","potentialAction":[{"@type":"SearchAction","target":{"@type":"EntryPoint","urlTemplate":"https:\/\/oparquedosleitoes.pt\/de\/?s={search_term_string}"},"query-input":"required name=search_term_string"}],"inLanguage":"pt-PT"},{"@type":"WebPage","@id":"https:\/\/oparquedosleitoes.pt\/de\/uber-uns\/#webpage","url":"https:\/\/oparquedosleitoes.pt\/de\/uber-uns\/","name":"\u00dcber uns - O Parque dos Leit\u00f5es","isPartOf":{"@id":"https:\/\/oparquedosleitoes.pt\/de\/#website"},"datePublished":"2018-12-25T13:53:48+00:00","dateModified":"2022-04-29T13:31:31+00:00","description":"Der Parque dos Leit\u00f5es ist vor allem f\u00fcr das im Holzofen gebratene Spanferkel bekannt. Es strebt nach Qualit\u00e4t bei der Zubereitung seiner Gerichte. Kommen Sie und treffen Sie uns.","breadcrumb":{"@id":"https:\/\/oparquedosleitoes.pt\/de\/uber-uns\/#breadcrumb"},"inLanguage":"pt-PT","potentialAction":[{"@type":"ReadAction","target":["https:\/\/oparquedosleitoes.pt\/de\/uber-uns\/"]}]},{"@type":"BreadcrumbList","@id":"https:\/\/oparquedosleitoes.pt\/de\/uber-uns\/#breadcrumb","itemListElement":[{"@type":"ListItem","position":1,"name":"Home","item":"https:\/\/oparquedosleitoes.pt\/de\/"},{"@type":"ListItem","position":2,"name":"\u00dcber uns"}]}]}},"_links":{"self":[{"href":"https:\/\/oparquedosleitoes.pt\/de\/wp-json\/wp\/v2\/pages\/848","targetHints":{"allow":["GET"]}}],"collection":[{"href":"https:\/\/oparquedosleitoes.pt\/de\/wp-json\/wp\/v2\/pages"}],"about":[{"href":"https:\/\/oparquedosleitoes.pt\/de\/wp-json\/wp\/v2\/types\/page"}],"author":[{"embeddable":true,"href":"https:\/\/oparquedosleitoes.pt\/de\/wp-json\/wp\/v2\/users\/1"}],"replies":[{"embeddable":true,"href":"https:\/\/oparquedosleitoes.pt\/de\/wp-json\/wp\/v2\/comments?post=848"}],"version-history":[{"count":12,"href":"https:\/\/oparquedosleitoes.pt\/de\/wp-json\/wp\/v2\/pages\/848\/revisions"}],"predecessor-version":[{"id":1768,"href":"https:\/\/oparquedosleitoes.pt\/de\/wp-json\/wp\/v2\/pages\/848\/revisions\/1768"}],"wp:attachment":[{"href":"https:\/\/oparquedosleitoes.pt\/de\/wp-json\/wp\/v2\/media?parent=848"}],"curies":[{"name":"wp","href":"https:\/\/api.w.org\/{rel}","templated":true}]}}