{"id":118,"date":"2018-12-10T15:34:36","date_gmt":"2018-12-10T15:34:36","guid":{"rendered":"http:\/\/template-new.template.cmsmasters.net\/?page_id=118"},"modified":"2022-04-29T13:24:46","modified_gmt":"2022-04-29T13:24:46","slug":"kontakte","status":"publish","type":"page","link":"https:\/\/oparquedosleitoes.pt\/de\/kontakte\/","title":{"rendered":"Kontakte"},"content":{"rendered":"<div id=\"cmsmasters_row_777188a4f5\" class=\"cmsmasters_row cmsmasters_color_scheme_default cmsmasters_row_top_default cmsmasters_row_bot_default cmsmasters_row_boxed\">\n<div class=\"cmsmasters_row_outer_parent\">\n<div class=\"cmsmasters_row_outer\">\n<div class=\"cmsmasters_row_inner\">\n<div class=\"cmsmasters_row_margin\">\n<div id=\"cmsmasters_column_a0f010f659\" class=\"cmsmasters_column one_half\">\n<div class=\"cmsmasters_column_inner\"><div class=\"custom_html\">\n<iframe src=\"https:\/\/www.google.com\/maps\/embed?pb=!1m18!1m12!1m3!1d3119.6776113218084!2d-7.913987284659417!3d38.56424097962341!2m3!1f0!2f0!3f0!3m2!1i1024!2i768!4f13.1!3m3!1m2!1s0xd19e4d9dcd5fb45%3A0xb4492cb7a525b998!2sR.%20Pedro%20de%20Sousa%202%2C%207005-206%20%C3%89vora!5e0!3m2!1spt-PT!2spt!4v1631520741691!5m2!1spt-PT!2spt\" width=\"1000\" height=\"350\" style=\"border:0;\" allowfullscreen=\"\" loading=\"lazy\"><\/iframe>\n<\/div>\n<\/div><\/div>\n<div id=\"cmsmasters_column_74d34fbc2f\" class=\"cmsmasters_column one_half\">\n<div class=\"cmsmasters_column_inner\"><div id=\"cmsmasters_heading_bmeo3m97lw\" class=\"cmsmasters_heading_wrap cmsmasters_heading_align_center\">\n\t<h3 class=\"cmsmasters_heading\">\u00c9vora<\/h3>\n<\/div><div id=\"cmsmasters_heading_31qw5nz85r\" class=\"cmsmasters_heading_wrap cmsmasters_heading_align_center\">\n\t<h4 class=\"cmsmasters_heading\">266 705 031<\/h4>\n<\/div><div id=\"cmsmasters_heading_sogsi22f\" class=\"cmsmasters_heading_wrap cmsmasters_heading_align_center\">\n\t<h4 class=\"cmsmasters_heading\">R. Pedro de Sousa 2, 7005-485 \u00c9vora<\/h4>\n<\/div><div id=\"cmsmasters_button_l87eczw3si\" class=\"button_wrap\"><a href=\"tel:+351266705031\" class=\"cmsmasters_button\"><span> Reservieren<\/span><\/a><\/div>\n<\/div><\/div>\n<\/div>\n<\/div>\n<\/div>\n<\/div>\n<\/div>\n<div id=\"cmsmasters_row_wx8i21zpbn\" class=\"cmsmasters_row cmsmasters_color_scheme_default cmsmasters_row_top_default cmsmasters_row_bot_default cmsmasters_row_boxed\">\n<div class=\"cmsmasters_row_outer_parent\">\n<div class=\"cmsmasters_row_outer\">\n<div class=\"cmsmasters_row_inner\">\n<div class=\"cmsmasters_row_margin\">\n<div id=\"cmsmasters_column_zewz4p6cq\" class=\"cmsmasters_column one_half\">\n<div class=\"cmsmasters_column_inner\"><div class=\"custom_html\">\n<iframe src=\"https:\/\/www.google.com\/maps\/embed?pb=!1m18!1m12!1m3!1d2201.743794382815!2d-8.06583363237082!3d38.700909566455124!2m3!1f0!2f0!3f0!3m2!1i1024!2i768!4f13.1!3m3!1m2!1s0xd19ea0dfc454c21%3A0x1dd9f4c03004f750!2so%20parque%20dos%20leit%C3%B5es!5e0!3m2!1spt-PT!2spt!4v1631521127956!5m2!1spt-PT!2spt\" width=\"1000\" height=\"350\" style=\"border:0;\" allowfullscreen=\"\" loading=\"lazy\"><\/iframe>\n<\/div>\n<\/div><\/div>\n<div id=\"cmsmasters_column_vzkq8f59s8\" class=\"cmsmasters_column one_half\">\n<div class=\"cmsmasters_column_inner\"><div id=\"cmsmasters_heading_y7khirb5j\" class=\"cmsmasters_heading_wrap cmsmasters_heading_align_center\">\n\t<h3 class=\"cmsmasters_heading\">Arraiolos<\/h3>\n<\/div><div id=\"cmsmasters_heading_6g5rv5szej\" class=\"cmsmasters_heading_wrap cmsmasters_heading_align_center\">\n\t<h4 class=\"cmsmasters_heading\">266 499 034<\/h4>\n<\/div><div id=\"cmsmasters_heading_fn18xgi6aj\" class=\"cmsmasters_heading_wrap cmsmasters_heading_align_center\">\n\t<h4 class=\"cmsmasters_heading\">EN 4Km 94, 7040 Arraiolos<\/h4>\n<\/div><div id=\"cmsmasters_button_nymuzwug7s\" class=\"button_wrap\"><a href=\"tel:+351266705031\" class=\"cmsmasters_button\"><span> Reservieren<\/span><\/a><\/div>\n<\/div><\/div>\n<\/div>\n<\/div>\n<\/div>\n<\/div>\n<\/div>\n<div id=\"cmsmasters_row_06tblaeqf\" class=\"cmsmasters_row cmsmasters_color_scheme_default cmsmasters_row_top_default cmsmasters_row_bot_default cmsmasters_row_boxed\">\n<div class=\"cmsmasters_row_outer_parent\">\n<div class=\"cmsmasters_row_outer\">\n<div class=\"cmsmasters_row_inner\">\n<div class=\"cmsmasters_row_margin\">\n<div id=\"cmsmasters_column_gm18f5ahjd\" class=\"cmsmasters_column one_third\">\n<div class=\"cmsmasters_column_inner\"><div id=\"cmsmasters_heading_p21qv61ky\" class=\"cmsmasters_heading_wrap cmsmasters_heading_align_center\">\n\t<h3 class=\"cmsmasters_heading\"> Plan<\/h3>\n<\/div><div id=\"cmsmasters_heading_oxvmt1mqh\" class=\"cmsmasters_heading_wrap cmsmasters_heading_align_center\">\n\t<h4 class=\"cmsmasters_heading\"> Dienstag bis Sonntag 12:30-15:30 | 18:30-22:00<\/h4>\n<\/div><div id=\"cmsmasters_heading_xbv8uomt8\" class=\"cmsmasters_heading_wrap cmsmasters_heading_align_center\">\n\t<h4 class=\"cmsmasters_heading\">Montag &#8211; geschlossen<\/h4>\n<\/div>\n<\/div><\/div>\n<div id=\"cmsmasters_column_ad34smsf1e\" class=\"cmsmasters_column one_third\">\n<div class=\"cmsmasters_column_inner\"><div id=\"cmsmasters_heading_rak79jmktd\" class=\"cmsmasters_heading_wrap cmsmasters_heading_align_center\">\n\t<h3 class=\"cmsmasters_heading\"> Sozialen Medien<\/h3>\n<\/div><div id=\"cmsmasters_heading_ypntqd0zyz\" class=\"cmsmasters_heading_wrap cmsmasters_heading_align_center\">\n\t<h4 class=\"cmsmasters_heading\"><a href=\"https:\/\/www.facebook.com\/oparquedosleitoesevora\" target=\"_blank\">Facebook \u00c9vora<\/a><\/h4>\n<\/div><div id=\"cmsmasters_heading_bhaiexd2rt\" class=\"cmsmasters_heading_wrap cmsmasters_heading_align_center\">\n\t<h4 class=\"cmsmasters_heading\"><a href=\"https:\/\/www.facebook.com\/Restaurante-O-Parque-Dos-Leit%C3%B5es-493454340701250\" target=\"_blank\">Facebook Arraiolos<\/a><\/h4>\n<\/div><div id=\"cmsmasters_heading_x7kysvl8i\" class=\"cmsmasters_heading_wrap cmsmasters_heading_align_center\">\n\t<h4 class=\"cmsmasters_heading\"><a href=\"https:\/\/www.tripadvisor.pt\/Restaurant_Review-g189106-d11982038-Reviews-Restaurante_O_Parque_Dos_Leitoes_Evora-Evora_Evora_District_Alentejo.html\" target=\"_blank\">Tripadvisor \u00c9vora<\/a><\/h4>\n<\/div><div id=\"cmsmasters_heading_t2cwvsdcf9\" class=\"cmsmasters_heading_wrap cmsmasters_heading_align_center\">\n\t<h4 class=\"cmsmasters_heading\"><a href=\"https:\/\/www.tripadvisor.pt\/Restaurant_Review-g20976867-d5959096-Reviews-Restaurante_o_Parque_Dos_Leitoes-Sao_Pedro_de_Gafanhoeira_Evora_District_Alente.html\" target=\"_blank\">Tripadvisor Arraiolos<\/a><\/h4>\n<\/div>\n<\/div><\/div>\n<div id=\"cmsmasters_column_91iq911xg\" class=\"cmsmasters_column one_third\">\n<div class=\"cmsmasters_column_inner\"><div id=\"cmsmasters_heading_u0y3yij1v4\" class=\"cmsmasters_heading_wrap cmsmasters_heading_align_center\">\n\t<h3 class=\"cmsmasters_heading\">Email<\/h3>\n<\/div><div id=\"cmsmasters_heading_rekzbrr7n\" class=\"cmsmasters_heading_wrap cmsmasters_heading_align_center\">\n\t<h4 class=\"cmsmasters_heading\"><a href=\"#\">oparquedosleitoes@gmail.com<\/a><\/h4>\n<\/div>\n<\/div><\/div>\n<\/div>\n<\/div>\n<\/div>\n<\/div>\n<\/div>\n\n","protected":false},"excerpt":{"rendered":"","protected":false},"author":1,"featured_media":0,"parent":0,"menu_order":0,"comment_status":"closed","ping_status":"closed","template":"","meta":{"footnotes":""},"class_list":["post-118","page","type-page","status-publish","hentry"],"yoast_head":"<!-- This site is optimized with the Yoast SEO plugin v18.2 - https:\/\/yoast.com\/wordpress\/plugins\/seo\/ -->\n<title>Kontakte - O Parque dos Leit\u00f5es<\/title>\n<meta name=\"description\" content=\"Der Parque dos Leit\u00f5es ist vor allem f\u00fcr das im Holzofen gebratene Spanferkel bekannt. Es strebt nach Qualit\u00e4t bei der Zubereitung seiner Gerichte. Kommen Sie und treffen Sie uns.\" \/>\n<meta name=\"robots\" content=\"index, follow, max-snippet:-1, max-image-preview:large, max-video-preview:-1\" \/>\n<link rel=\"canonical\" href=\"https:\/\/oparquedosleitoes.pt\/de\/kontakte\/\" \/>\n<meta property=\"og:locale\" content=\"pt_PT\" \/>\n<meta property=\"og:type\" content=\"article\" \/>\n<meta property=\"og:title\" content=\"Kontakte - O Parque dos Leit\u00f5es\" \/>\n<meta property=\"og:description\" content=\"Der Parque dos Leit\u00f5es ist vor allem f\u00fcr das im Holzofen gebratene Spanferkel bekannt. Es strebt nach Qualit\u00e4t bei der Zubereitung seiner Gerichte. Kommen Sie und treffen Sie uns.\" \/>\n<meta property=\"og:url\" content=\"https:\/\/oparquedosleitoes.pt\/de\/kontakte\/\" \/>\n<meta property=\"og:site_name\" content=\"O Parque dos Leit\u00f5es\" \/>\n<meta property=\"article:modified_time\" content=\"2022-04-29T13:24:46+00:00\" \/>\n<meta name=\"twitter:card\" content=\"summary_large_image\" \/>\n<meta name=\"twitter:label1\" content=\"Tempo estimado de leitura\" \/>\n\t<meta name=\"twitter:data1\" content=\"5 minutos\" \/>\n<script type=\"application\/ld+json\" class=\"yoast-schema-graph\">{\"@context\":\"https:\/\/schema.org\",\"@graph\":[{\"@type\":\"WebSite\",\"@id\":\"https:\/\/oparquedosleitoes.pt\/de\/#website\",\"url\":\"https:\/\/oparquedosleitoes.pt\/de\/\",\"name\":\"O Parque dos Leit\u00f5es\",\"description\":\"Restaurante Arraiolos e \u00c9vora\",\"potentialAction\":[{\"@type\":\"SearchAction\",\"target\":{\"@type\":\"EntryPoint\",\"urlTemplate\":\"https:\/\/oparquedosleitoes.pt\/de\/?s={search_term_string}\"},\"query-input\":\"required name=search_term_string\"}],\"inLanguage\":\"pt-PT\"},{\"@type\":\"WebPage\",\"@id\":\"https:\/\/oparquedosleitoes.pt\/de\/kontakte\/#webpage\",\"url\":\"https:\/\/oparquedosleitoes.pt\/de\/kontakte\/\",\"name\":\"Kontakte - O Parque dos Leit\u00f5es\",\"isPartOf\":{\"@id\":\"https:\/\/oparquedosleitoes.pt\/de\/#website\"},\"datePublished\":\"2018-12-10T15:34:36+00:00\",\"dateModified\":\"2022-04-29T13:24:46+00:00\",\"description\":\"Der Parque dos Leit\u00f5es ist vor allem f\u00fcr das im Holzofen gebratene Spanferkel bekannt. Es strebt nach Qualit\u00e4t bei der Zubereitung seiner Gerichte. Kommen Sie und treffen Sie uns.\",\"breadcrumb\":{\"@id\":\"https:\/\/oparquedosleitoes.pt\/de\/kontakte\/#breadcrumb\"},\"inLanguage\":\"pt-PT\",\"potentialAction\":[{\"@type\":\"ReadAction\",\"target\":[\"https:\/\/oparquedosleitoes.pt\/de\/kontakte\/\"]}]},{\"@type\":\"BreadcrumbList\",\"@id\":\"https:\/\/oparquedosleitoes.pt\/de\/kontakte\/#breadcrumb\",\"itemListElement\":[{\"@type\":\"ListItem\",\"position\":1,\"name\":\"Home\",\"item\":\"https:\/\/oparquedosleitoes.pt\/de\/\"},{\"@type\":\"ListItem\",\"position\":2,\"name\":\"Kontakte\"}]}]}<\/script>\n<!-- \/ Yoast SEO plugin. -->","yoast_head_json":{"title":"Kontakte - O Parque dos Leit\u00f5es","description":"Der Parque dos Leit\u00f5es ist vor allem f\u00fcr das im Holzofen gebratene Spanferkel bekannt. Es strebt nach Qualit\u00e4t bei der Zubereitung seiner Gerichte. Kommen Sie und treffen Sie uns.","robots":{"index":"index","follow":"follow","max-snippet":"max-snippet:-1","max-image-preview":"max-image-preview:large","max-video-preview":"max-video-preview:-1"},"canonical":"https:\/\/oparquedosleitoes.pt\/de\/kontakte\/","og_locale":"pt_PT","og_type":"article","og_title":"Kontakte - O Parque dos Leit\u00f5es","og_description":"Der Parque dos Leit\u00f5es ist vor allem f\u00fcr das im Holzofen gebratene Spanferkel bekannt. Es strebt nach Qualit\u00e4t bei der Zubereitung seiner Gerichte. Kommen Sie und treffen Sie uns.","og_url":"https:\/\/oparquedosleitoes.pt\/de\/kontakte\/","og_site_name":"O Parque dos Leit\u00f5es","article_modified_time":"2022-04-29T13:24:46+00:00","twitter_card":"summary_large_image","twitter_misc":{"Tempo estimado de leitura":"5 minutos"},"schema":{"@context":"https:\/\/schema.org","@graph":[{"@type":"WebSite","@id":"https:\/\/oparquedosleitoes.pt\/de\/#website","url":"https:\/\/oparquedosleitoes.pt\/de\/","name":"O Parque dos Leit\u00f5es","description":"Restaurante Arraiolos e \u00c9vora","potentialAction":[{"@type":"SearchAction","target":{"@type":"EntryPoint","urlTemplate":"https:\/\/oparquedosleitoes.pt\/de\/?s={search_term_string}"},"query-input":"required name=search_term_string"}],"inLanguage":"pt-PT"},{"@type":"WebPage","@id":"https:\/\/oparquedosleitoes.pt\/de\/kontakte\/#webpage","url":"https:\/\/oparquedosleitoes.pt\/de\/kontakte\/","name":"Kontakte - O Parque dos Leit\u00f5es","isPartOf":{"@id":"https:\/\/oparquedosleitoes.pt\/de\/#website"},"datePublished":"2018-12-10T15:34:36+00:00","dateModified":"2022-04-29T13:24:46+00:00","description":"Der Parque dos Leit\u00f5es ist vor allem f\u00fcr das im Holzofen gebratene Spanferkel bekannt. Es strebt nach Qualit\u00e4t bei der Zubereitung seiner Gerichte. Kommen Sie und treffen Sie uns.","breadcrumb":{"@id":"https:\/\/oparquedosleitoes.pt\/de\/kontakte\/#breadcrumb"},"inLanguage":"pt-PT","potentialAction":[{"@type":"ReadAction","target":["https:\/\/oparquedosleitoes.pt\/de\/kontakte\/"]}]},{"@type":"BreadcrumbList","@id":"https:\/\/oparquedosleitoes.pt\/de\/kontakte\/#breadcrumb","itemListElement":[{"@type":"ListItem","position":1,"name":"Home","item":"https:\/\/oparquedosleitoes.pt\/de\/"},{"@type":"ListItem","position":2,"name":"Kontakte"}]}]}},"_links":{"self":[{"href":"https:\/\/oparquedosleitoes.pt\/de\/wp-json\/wp\/v2\/pages\/118","targetHints":{"allow":["GET"]}}],"collection":[{"href":"https:\/\/oparquedosleitoes.pt\/de\/wp-json\/wp\/v2\/pages"}],"about":[{"href":"https:\/\/oparquedosleitoes.pt\/de\/wp-json\/wp\/v2\/types\/page"}],"author":[{"embeddable":true,"href":"https:\/\/oparquedosleitoes.pt\/de\/wp-json\/wp\/v2\/users\/1"}],"replies":[{"embeddable":true,"href":"https:\/\/oparquedosleitoes.pt\/de\/wp-json\/wp\/v2\/comments?post=118"}],"version-history":[{"count":32,"href":"https:\/\/oparquedosleitoes.pt\/de\/wp-json\/wp\/v2\/pages\/118\/revisions"}],"predecessor-version":[{"id":1765,"href":"https:\/\/oparquedosleitoes.pt\/de\/wp-json\/wp\/v2\/pages\/118\/revisions\/1765"}],"wp:attachment":[{"href":"https:\/\/oparquedosleitoes.pt\/de\/wp-json\/wp\/v2\/media?parent=118"}],"curies":[{"name":"wp","href":"https:\/\/api.w.org\/{rel}","templated":true}]}}